{"id":133,"date":"2026-02-08T16:37:19","date_gmt":"2026-02-08T16:37:19","guid":{"rendered":"https:\/\/farmarens.com\/?page_id=133"},"modified":"2026-02-08T17:18:21","modified_gmt":"2026-02-08T17:18:21","slug":"historia-norwich","status":"publish","type":"page","link":"https:\/\/farmarens.com\/index.php\/historia-norwich\/","title":{"rendered":"Historia &#8211; Norwich"},"content":{"rendered":"\n<p>N\u00e4r jag fick se <strong>S FIN U CH Skarab\u00e9 <\/strong>vinna BIS p\u00e5 Terrierklubbens utst\u00e4llning i G\u00e4vle den 30 maj 1981 sa det klick. Denna lilla hund visade sig med en utstr\u00e5lning som var fantastisk. Den f\u00f6rsta tanke som fl\u00f6g genom mitt huvud var att en Norwich skall det n\u00e5gon g\u00e5ng bli. D\u00e5 det fanns Bearded Collie i familjen var det viktigt att den nya rasen skulle passa in.<\/p>\n\n\n\n<p>Det visade det sig att <strong>Tigers<\/strong> entr\u00e9 1986 gick mycket smidigt. Han blev snabbt en i flocken. Och det \u00e4r ingen tvekan, det \u00e4r en h\u00e4rlig ras som l\u00e4tt f\u00f6ljer med dom stora p\u00e5 skogspromenader.<\/p>\n\n\n\n<figure class=\"wp-block-image size-full\"><img loading=\"lazy\" decoding=\"async\" width=\"260\" height=\"198\" src=\"https:\/\/farmarens.com\/wp-content\/uploads\/2026\/02\/Cobbys_Tiger_Tribe.jpg\" alt=\"\" class=\"wp-image-200\"\/><\/figure>\n\n\n\n<p><em>INT NORD U CH Cobbys Tiger Tribe f\u00f6dd 2\/5-86<\/em><\/p>\n\n\n\n<p>D\u00e5 vi \u00e4r en utst\u00e4llningsintresserad familj skulle naturligtvis Tiger prova lyckan i ringarna. Hans debut kom p\u00e5 Terrierklubbens utst\u00e4llning i Vasahamnen 1986. D\u00e4r blev han BIS valp f\u00f6r Birgitta Hasselgren-Ericsson. Vilken start p\u00e5 karri\u00e4ren!<\/p>\n\n\n\n<p>Fler utst\u00e4llningar f\u00f6ljde med m\u00e5nga trevliga minnen. Dessutom blev han far till ett mindre antal valpar. Hans mest framg\u00e5ngsrika barn torde dock vara INT NORD U CH Raspberry Roy som exporterades till Finland och har haft en fin karri\u00e4r d\u00e4r. Tyv\u00e4rr fick jag av olika anledningar aldrig mitt Tiger-barn. Men han \u00e4r anledningen till mitt fortsatta intresse f\u00f6r rasen.<\/p>\n\n\n\n<p>En mindre uppf\u00f6dning startade 1997.<\/p>\n\n\n\n<figure class=\"wp-block-image size-full\"><img loading=\"lazy\" decoding=\"async\" width=\"260\" height=\"211\" src=\"https:\/\/farmarens.com\/wp-content\/uploads\/2026\/02\/Cobbys_Farming_Pickwickian.jpg\" alt=\"\" class=\"wp-image-201\"\/><\/figure>\n\n\n\n<p><em>Cobby&#8217;s Farming Pickwickian &#8221;Feffie&#8221; som valp, certvinnande som vuxen och mor till min f\u00f6rsta kull.<br>Foto:Torsten Widhol<\/em>m<\/p>\n\n\n\n<p><\/p>\n","protected":false},"excerpt":{"rendered":"<p>N\u00e4r jag fick se S FIN U CH Skarab\u00e9 vinna BIS p\u00e5 Terrierklubbens utst\u00e4llning i G\u00e4vle den 30 maj 1981 sa det klick. Denna lilla hund visade sig med en utstr\u00e5lning som var fantastisk. Den f\u00f6rsta tanke som fl\u00f6g genom mitt huvud var att en Norwich skall det n\u00e5gon g\u00e5ng bli. D\u00e5 det fanns Bearded Collie i familjen var det viktigt att den nya rasen skulle passa in. Det visade det sig att Tigers entr\u00e9 1986 gick mycket smidigt. Han blev snabbt en i flocken. Och det \u00e4r ingen tvekan, det \u00e4r en h\u00e4rlig ras som l\u00e4tt f\u00f6ljer med dom stora p\u00e5 skogspromenader. INT NORD U CH Cobbys Tiger Tribe f\u00f6dd 2\/5-86 D\u00e5 vi \u00e4r en utst\u00e4llningsintresserad familj skulle naturligtvis Tiger prova lyckan i ringarna. Hans debut kom p\u00e5 Terrierklubbens utst\u00e4llning i Vasahamnen 1986. D\u00e4r blev han BIS valp f\u00f6r Birgitta Hasselgren-Ericsson. Vilken start p\u00e5 karri\u00e4ren! Fler utst\u00e4llningar f\u00f6ljde med m\u00e5nga trevliga minnen. Dessutom blev han far till ett mindre antal valpar. Hans mest framg\u00e5ngsrika barn torde dock vara INT NORD U CH Raspberry Roy som exporterades till Finland och har haft en fin karri\u00e4r d\u00e4r. Tyv\u00e4rr fick jag av olika anledningar aldrig mitt Tiger-barn. Men han \u00e4r anledningen till mitt fortsatta intresse f\u00f6r rasen. En mindre uppf\u00f6dning startade 1997. Cobby&#8217;s Farming Pickwickian &#8221;Feffie&#8221; som valp, certvinnande som vuxen och mor till min f\u00f6rsta kull.Foto:Torsten Widholm<\/p>\n","protected":false},"author":1,"featured_media":0,"parent":0,"menu_order":0,"comment_status":"closed","ping_status":"closed","template":"","meta":{"footnotes":""},"class_list":["post-133","page","type-page","status-publish","hentry"],"acf":[],"_links":{"self":[{"href":"https:\/\/farmarens.com\/index.php\/wp-json\/wp\/v2\/pages\/133","targetHints":{"allow":["GET"]}}],"collection":[{"href":"https:\/\/farmarens.com\/index.php\/wp-json\/wp\/v2\/pages"}],"about":[{"href":"https:\/\/farmarens.com\/index.php\/wp-json\/wp\/v2\/types\/page"}],"author":[{"embeddable":true,"href":"https:\/\/farmarens.com\/index.php\/wp-json\/wp\/v2\/users\/1"}],"replies":[{"embeddable":true,"href":"https:\/\/farmarens.com\/index.php\/wp-json\/wp\/v2\/comments?post=133"}],"version-history":[{"count":2,"href":"https:\/\/farmarens.com\/index.php\/wp-json\/wp\/v2\/pages\/133\/revisions"}],"predecessor-version":[{"id":202,"href":"https:\/\/farmarens.com\/index.php\/wp-json\/wp\/v2\/pages\/133\/revisions\/202"}],"wp:attachment":[{"href":"https:\/\/farmarens.com\/index.php\/wp-json\/wp\/v2\/media?parent=133"}],"curies":[{"name":"wp","href":"https:\/\/api.w.org\/{rel}","templated":true}]}}